{"id":51,"date":"2015-10-15T23:46:02","date_gmt":"2015-10-15T21:46:02","guid":{"rendered":"http:\/\/www.niepokalanepoczecie.opw.pl\/?page_id=51"},"modified":"2026-04-21T06:53:51","modified_gmt":"2026-04-21T04:53:51","slug":"intencje","status":"publish","type":"page","link":"https:\/\/www.niepokalanepoczecie.opw.pl\/index.php\/intencje\/","title":{"rendered":"Intencje"},"content":{"rendered":"<div class=\"wp-block-image\">\n<figure class=\"alignright size-full is-resized\"><a href=\"https:\/\/www.niepokalanepoczecie.opw.pl\/wp-content\/uploads\/2024\/12\/kaplan.gif\"><img loading=\"lazy\" decoding=\"async\" width=\"328\" height=\"336\" src=\"https:\/\/www.niepokalanepoczecie.opw.pl\/wp-content\/uploads\/2024\/12\/kaplan.gif\" alt=\"\" class=\"wp-image-1679\" style=\"width:152px;height:156px\"\/><\/a><\/figure><\/div>\n\n<p><strong>Intencje mszalne na bie\u017c\u0105cy tydzie\u0144:<\/strong><\/p>\n<p><span style=\"text-decoration: underline; color: #ff0000;\"><strong>NIEDZIELA \u00a0 19.04.<\/strong><\/span><br \/><strong>godz. 9.00 \u00a0 \u00a0<\/strong> + Alina Donat Juszczyk int. od c\u00f3rki i syna\u00a0 z rodzinami<br \/><strong>godz. 11.30 \u00a0<\/strong> za Parafian<br \/><strong>godz. 17.00 \u00a0<\/strong> + Zygmunt Ratter &#8211; gregorianka<\/p>\n<p><span style=\"text-decoration: underline;\"><strong>PONIEDZIA\u0141EK \u00a0 20.04.<\/strong><\/span><br \/><strong>godz. 17.30\u00a0<\/strong> + Zygmunt Ratter &#8211; gregorianka<br \/><strong>godz. 18.00\u00a0<\/strong> + Franciszka i Wac\u0142aw Piwarscy int. od syna z rodz.<\/p>\n<p><span style=\"text-decoration: underline;\"><strong>WTOREK \u00a0 21.04.<\/strong><\/span><br \/><strong>godz. 7.00\u00a0 \u00a0<\/strong> + Zygmunt Ratter &#8211; gregorianka<br \/><strong>godz. 18.00\u00a0<\/strong> + Helena Nadolska z ok. urodzin int. od c\u00f3rki Barbary z rodz.<\/p>\n<p><span style=\"text-decoration: underline;\"><strong>\u015aRODA \u00a0 22.04.<\/strong><\/span><br \/><strong>godz. 17.30\u00a0<\/strong> + Longina Jerzy Salanyk, Maria Tadeusz Cieplinscy, Piotr Stanis\u0142aw Bacior<br \/><strong>godz. 18.00\u00a0<\/strong> + Zygmunt Ratter &#8211; gregorianka<\/p>\n<p><span style=\"text-decoration: underline;\"><strong>CZWARTEK\u00a0 \u00a0 23.04.<\/strong><\/span><br \/><strong>godz. 7.00\u00a0 \u00a0<\/strong> + Zygmunt Ratter &#8211; gregorianka<br \/><strong>godz. 18.00\u00a0<\/strong> w int. najbli\u017cszej rodziny z okazji pogrzebu Kuby int. od ucz. pogrzebu<\/p>\n<p><span style=\"text-decoration: underline;\"><strong>PI\u0104TEK\u00a0 \u00a0 24.04.<\/strong><\/span><br \/><strong>godz. 17.30\u00a0<\/strong> + Zygmunt Ratter &#8211; gregorianka<br \/><strong>godz. 18.00\u00a0<\/strong> + Bartosz D\u0105browski int. od Katarzyny i Mariusza<\/p>\n<p><span style=\"text-decoration: underline;\"><strong>SOBOTA \u00a0 25.04.<\/strong><\/span><br \/><strong>godz. 7.00\u00a0 \u00a0 \u00a0 \u00a0<\/strong> Nabo\u017ce\u0144stwo Maryjne<br \/><strong>godz. 17.00 (Bory)<\/strong> + Joanna J\u00f3zef Skiba z rodzicami, Natalia Edward Wilk z rodzicami, Regina So\u0142tysik, Adrian Rak, Bogdan Doma\u0144ski z rodz. adopcyjn\u0105\u00a0 int. od Agaty Rak z m\u0119\u017cem<br \/><strong>godz. 18.00\u00a0<\/strong> + Zygmunt Ratter &#8211; gregorianka<\/p>\n<p><span style=\"text-decoration: underline; color: #ff0000;\"><strong>NIEDZIELA \u00a0 26.04.<\/strong><\/span><br \/><strong>godz. 9.00\u00a0<\/strong> + Zygmunt Ratter &#8211; gregorianka<br \/><strong>godz. 11.30\u00a0<\/strong> w intencji ofiarodawc\u00f3w i darczy\u0144c\u00f3w \u017cyj\u0105cych i zmar\u0142ych<br \/><strong>godz. 17.00\u00a0<\/strong> za parafian<\/p>\n\n\n<p><\/p>\n\n\n\n<p><\/p>\n","protected":false},"excerpt":{"rendered":"<p>Intencje mszalne na bie\u017c\u0105cy tydzie\u0144: NIEDZIELA \u00a0 19.04.godz. 9.00 \u00a0 \u00a0 + Alina Donat Juszczyk int. od c\u00f3rki i syna\u00a0 z rodzinamigodz. 11.30 \u00a0 za Parafiangodz. 17.00 \u00a0 + Zygmunt Ratter &#8211; gregorianka PONIEDZIA\u0141EK \u00a0 20.04.godz. 17.30\u00a0 + Zygmunt Ratter &#8211; gregoriankagodz. 18.00\u00a0 + Franciszka i Wac\u0142aw Piwarscy int. od syna z rodz. WTOREK \u00a0 &hellip; <a href=\"https:\/\/www.niepokalanepoczecie.opw.pl\/index.php\/intencje\/\" class=\"more-link\">Czytaj dalej <span class=\"screen-reader-text\">Intencje<\/span><\/a><\/p>\n","protected":false},"author":1,"featured_media":0,"parent":0,"menu_order":2,"comment_status":"closed","ping_status":"closed","template":"","meta":{"footnotes":""},"class_list":["post-51","page","type-page","status-publish","hentry"],"_links":{"self":[{"href":"https:\/\/www.niepokalanepoczecie.opw.pl\/index.php\/wp-json\/wp\/v2\/pages\/51","targetHints":{"allow":["GET"]}}],"collection":[{"href":"https:\/\/www.niepokalanepoczecie.opw.pl\/index.php\/wp-json\/wp\/v2\/pages"}],"about":[{"href":"https:\/\/www.niepokalanepoczecie.opw.pl\/index.php\/wp-json\/wp\/v2\/types\/page"}],"author":[{"embeddable":true,"href":"https:\/\/www.niepokalanepoczecie.opw.pl\/index.php\/wp-json\/wp\/v2\/users\/1"}],"replies":[{"embeddable":true,"href":"https:\/\/www.niepokalanepoczecie.opw.pl\/index.php\/wp-json\/wp\/v2\/comments?post=51"}],"version-history":[{"count":650,"href":"https:\/\/www.niepokalanepoczecie.opw.pl\/index.php\/wp-json\/wp\/v2\/pages\/51\/revisions"}],"predecessor-version":[{"id":1969,"href":"https:\/\/www.niepokalanepoczecie.opw.pl\/index.php\/wp-json\/wp\/v2\/pages\/51\/revisions\/1969"}],"wp:attachment":[{"href":"https:\/\/www.niepokalanepoczecie.opw.pl\/index.php\/wp-json\/wp\/v2\/media?parent=51"}],"curies":[{"name":"wp","href":"https:\/\/api.w.org\/{rel}","templated":true}]}}