{"id":14,"date":"2015-10-09T23:20:51","date_gmt":"2015-10-09T21:20:51","guid":{"rendered":"http:\/\/www.niepokalanepoczecie.opw.pl\/?page_id=14"},"modified":"2026-01-04T22:53:05","modified_gmt":"2026-01-04T21:53:05","slug":"kontakt","status":"publish","type":"page","link":"https:\/\/www.niepokalanepoczecie.opw.pl\/index.php\/kontakt\/","title":{"rendered":"Kontakt"},"content":{"rendered":"<p><strong>Parafia pw. Niepokalanego Pocz\u0119cia Naj\u015bwi\u0119tszej Maryi Panny w B\u0119dzinie &#8211; \u0141agiszy<br \/>\n<\/strong><\/p>\n<p>ul. Pokoju 40<br \/>\n42-504 B\u0119dzin<br \/>\ntelefon: 519 512 881<br \/>\n(informacje telefoniczne udzielane s\u0105 od poniedzia\u0142ku do pi\u0105tku w godzinach 8.00 &#8211; 16.00)<\/p>\n<p><strong>Numer konta parafii:<\/strong><br \/>\n08 1050 1227 1000 0090 7797 2884<\/p>\n<p><strong>Kancelaria parafialna czynna <span style=\"text-decoration: underline;\">na PLEBANII<\/span>:<br \/>\n<\/strong><strong>poniedzia\u0142ek<\/strong>: godz. 16:00-17:00*<br \/>\n<strong>\u015broda<\/strong>: godz. 16:00-17:00*<br \/>\n<strong>sobota<\/strong>: godz. 8:00-8:30*<br \/>\n<strong>*w czasie wakacji:<\/strong> w poniedzia\u0142ki i \u015brody po Mszy \u015bw. z\u00a0 godz. 18.00\u00a0 do godz. 19.00<\/p>\n<p><strong>W uroczysto\u015bci i \u015bwi\u0119ta ko\u015bcielne i pa\u0144stwowe kancelaria nieczynna.<\/strong><br \/>\nW okresie wakacyjnym czynna: w poniedzia\u0142ki i \u015brody po Mszy \u015bw. wieczornej do godz. 19.00<\/p>\n<p><strong>UWAGA!<\/strong><br \/>\n<strong>Kancelaria Parafialna\u00a0 w czasie kol\u0119dy czynna jest w Poniedzia\u0142ki i \u015arody od godz. 18.45 do 19.30. W Sobot\u0119 rano jest nieczynna. W sprawach pilnych prosimy dzwoni\u0107 na nr 519 512 881<\/strong><\/p>\n<p><strong>Zapraszamy do korespondencji poprzez skorzystanie z formularza:<\/strong><\/p>\n\n<div class=\"wpcf7 no-js\" id=\"wpcf7-f46-o1\" lang=\"pl-PL\" dir=\"ltr\" data-wpcf7-id=\"46\">\n<div class=\"screen-reader-response\"><p role=\"status\" aria-live=\"polite\" aria-atomic=\"true\"><\/p> <ul><\/ul><\/div>\n<form action=\"\/index.php\/wp-json\/wp\/v2\/pages\/14#wpcf7-f46-o1\" method=\"post\" class=\"wpcf7-form init\" aria-label=\"Formularz kontaktowy\" novalidate=\"novalidate\" data-status=\"init\">\n<fieldset class=\"hidden-fields-container\"><input type=\"hidden\" name=\"_wpcf7\" value=\"46\" \/><input type=\"hidden\" name=\"_wpcf7_version\" value=\"6.1.5\" \/><input type=\"hidden\" name=\"_wpcf7_locale\" value=\"pl_PL\" \/><input type=\"hidden\" name=\"_wpcf7_unit_tag\" value=\"wpcf7-f46-o1\" \/><input type=\"hidden\" name=\"_wpcf7_container_post\" value=\"0\" \/><input type=\"hidden\" name=\"_wpcf7_posted_data_hash\" value=\"\" \/>\n<\/fieldset>\n<p>Imi\u0119 i nazwisko (wymagane)\n<\/p>\n<p><span class=\"wpcf7-form-control-wrap\" data-name=\"your-name\"><input size=\"40\" maxlength=\"400\" class=\"wpcf7-form-control wpcf7-text wpcf7-validates-as-required\" aria-required=\"true\" aria-invalid=\"false\" value=\"\" type=\"text\" name=\"your-name\" \/><\/span>\n<\/p>\n<p>Adres email (wymagane)\n<\/p>\n<p><span class=\"wpcf7-form-control-wrap\" data-name=\"your-email\"><input size=\"40\" maxlength=\"400\" class=\"wpcf7-form-control wpcf7-email wpcf7-validates-as-required wpcf7-text wpcf7-validates-as-email\" aria-required=\"true\" aria-invalid=\"false\" value=\"\" type=\"email\" name=\"your-email\" \/><\/span>\n<\/p>\n<p>Temat\n<\/p>\n<p><span class=\"wpcf7-form-control-wrap\" data-name=\"your-subject\"><input size=\"40\" maxlength=\"400\" class=\"wpcf7-form-control wpcf7-text wpcf7-validates-as-required\" aria-required=\"true\" aria-invalid=\"false\" value=\"\" type=\"text\" name=\"your-subject\" \/><\/span>\n<\/p>\n<p>Tre\u015b\u0107 wiadomo\u015bci\n<\/p>\n<p><span class=\"wpcf7-form-control-wrap\" data-name=\"your-message\"><textarea cols=\"40\" rows=\"10\" maxlength=\"2000\" class=\"wpcf7-form-control wpcf7-textarea\" aria-invalid=\"false\" name=\"your-message\"><\/textarea><\/span>\n<\/p>\n<p><input class=\"wpcf7-form-control wpcf7-submit has-spinner\" type=\"submit\" value=\"Wy\u015blij\" \/>\n<\/p><div class=\"wpcf7-response-output\" aria-hidden=\"true\"><\/div>\n<\/form>\n<\/div>\n\n","protected":false},"excerpt":{"rendered":"<p>Parafia pw. Niepokalanego Pocz\u0119cia Naj\u015bwi\u0119tszej Maryi Panny w B\u0119dzinie &#8211; \u0141agiszy ul. Pokoju 40 42-504 B\u0119dzin telefon: 519 512 881 (informacje telefoniczne udzielane s\u0105 od poniedzia\u0142ku do pi\u0105tku w godzinach 8.00 &#8211; 16.00) Numer konta parafii: 08 1050 1227 1000 0090 7797 2884 Kancelaria parafialna czynna na PLEBANII: poniedzia\u0142ek: godz. 16:00-17:00* \u015broda: godz. 16:00-17:00* sobota: &hellip; <a href=\"https:\/\/www.niepokalanepoczecie.opw.pl\/index.php\/kontakt\/\" class=\"more-link\">Czytaj dalej <span class=\"screen-reader-text\">Kontakt<\/span><\/a><\/p>\n","protected":false},"author":1,"featured_media":0,"parent":0,"menu_order":10,"comment_status":"closed","ping_status":"closed","template":"","meta":{"footnotes":""},"class_list":["post-14","page","type-page","status-publish","hentry"],"_links":{"self":[{"href":"https:\/\/www.niepokalanepoczecie.opw.pl\/index.php\/wp-json\/wp\/v2\/pages\/14","targetHints":{"allow":["GET"]}}],"collection":[{"href":"https:\/\/www.niepokalanepoczecie.opw.pl\/index.php\/wp-json\/wp\/v2\/pages"}],"about":[{"href":"https:\/\/www.niepokalanepoczecie.opw.pl\/index.php\/wp-json\/wp\/v2\/types\/page"}],"author":[{"embeddable":true,"href":"https:\/\/www.niepokalanepoczecie.opw.pl\/index.php\/wp-json\/wp\/v2\/users\/1"}],"replies":[{"embeddable":true,"href":"https:\/\/www.niepokalanepoczecie.opw.pl\/index.php\/wp-json\/wp\/v2\/comments?post=14"}],"version-history":[{"count":21,"href":"https:\/\/www.niepokalanepoczecie.opw.pl\/index.php\/wp-json\/wp\/v2\/pages\/14\/revisions"}],"predecessor-version":[{"id":1919,"href":"https:\/\/www.niepokalanepoczecie.opw.pl\/index.php\/wp-json\/wp\/v2\/pages\/14\/revisions\/1919"}],"wp:attachment":[{"href":"https:\/\/www.niepokalanepoczecie.opw.pl\/index.php\/wp-json\/wp\/v2\/media?parent=14"}],"curies":[{"name":"wp","href":"https:\/\/api.w.org\/{rel}","templated":true}]}}